{"id":858,"date":"2021-04-14T19:17:45","date_gmt":"2021-04-14T19:17:45","guid":{"rendered":"https:\/\/georgialegal.wpengine.com\/?page_id=858"},"modified":"2025-09-11T11:48:00","modified_gmt":"2025-09-11T15:48:00","slug":"housing","status":"publish","type":"page","link":"https:\/\/www.glsp.org\/es\/housing\/","title":{"rendered":"Housing"},"content":{"rendered":"<div data-elementor-type=\"wp-page\" data-elementor-id=\"858\" class=\"elementor elementor-858\" data-elementor-post-type=\"page\">\n\t\t\t\t\t\t<section class=\"elementor-section elementor-top-section elementor-element elementor-element-347bc1f elementor-section-full_width elementor-section-height-default elementor-section-height-default jltma-glass-effect-no\" data-id=\"347bc1f\" data-element_type=\"section\">\n\t\t\t\t\t\t<div class=\"elementor-container elementor-column-gap-default\">\n\t\t\t\t\t<div class=\"elementor-column elementor-col-100 elementor-top-column elementor-element elementor-element-4064b40 jltma-glass-effect-no\" data-id=\"4064b40\" data-element_type=\"column\">\n\t\t\t<div class=\"elementor-widget-wrap elementor-element-populated\">\n\t\t\t\t\t\t<div class=\"elementor-element elementor-element-baf0243 jltma-glass-effect-no elementor-widget elementor-widget-heading\" data-id=\"baf0243\" data-element_type=\"widget\" data-widget_type=\"heading.default\">\n\t\t\t\t<div class=\"elementor-widget-container\">\n\t\t\t\t\t<h2 class=\"elementor-heading-title elementor-size-default\">Derecho de vivienda<\/h2>\t\t\t\t<\/div>\n\t\t\t\t<\/div>\n\t\t\t\t<div class=\"elementor-element elementor-element-561b3fb jltma-glass-effect-no elementor-widget elementor-widget-text-editor\" data-id=\"561b3fb\" data-element_type=\"widget\" data-widget_type=\"text-editor.default\">\n\t\t\t\t<div class=\"elementor-widget-container\">\n\t\t\t\t\t\t\t\t\t<p>El trabajo de GLSP referente a las leyes de la vivienda se gu\u00eda por lo que dijo Matthew Desmond, que \u2015 el desalojo es una causa de la pobreza, no simplemente una condici\u00f3n de ella\u2016. El trabajo de GLSP se enfoca en la representaci\u00f3n legal para aquellos inquilinos en las viviendas subsidiadas y las viviendas alquiladas por particulares. Tratamos de ayudar a los clientes a conservar sus viviendas al presentar las defensas que brindan las leyes ante los desalojos. Tambi\u00e9n tratamos de mejorar la calidad de las viviendas al ser los abogados representantes de aquellos inquilinos que buscan reparaciones para su vivienda. Tener una vivienda sana y estable es esencial para poder mantener el empleo, el logro educativo de los ni\u00f1os y la salud f\u00edsica y mental. En todas las zonas en que presta sus servicios GLSP, es escasa la vivienda asequible, lo que hace a\u00fan m\u00e1s indispensable el poder conservarla.<\/p>\t\t\t\t\t\t\t\t<\/div>\n\t\t\t\t<\/div>\n\t\t\t\t<div class=\"elementor-element elementor-element-7a54656 jltma-glass-effect-no elementor-widget elementor-widget-text-editor\" data-id=\"7a54656\" data-element_type=\"widget\" data-widget_type=\"text-editor.default\">\n\t\t\t\t<div class=\"elementor-widget-container\">\n\t\t\t\t\t\t\t\t\t<p><span style=\"color: var( --e-global-color-text );\">Adem\u00e1s de su trabajo de prevenir los desalojos y de abordar las condiciones de las viviendas de alquiler, GLSP provee el asesoramiento legal para una amplia gama de asuntos que tienen que ver con la vivienda, que incluyen:<\/span><\/p><p>\u2022 representar a los inquilinos que son v\u00edctimas de la discriminaci\u00f3n con respecto a la vivienda, lo cual puede incluir el presentar oficialmente las querellas probatorias y hacer unos pedidos razonables para que se acomoden a los clientes con las discapacidades f\u00edsicas o mentales. <br \/>\u2022 adem\u00e1s de representar a los inquilinos en las viviendas subsidiadas que tienen ante s\u00ed los posibles desalojos o p\u00e9rdidas de la ayuda que reciben para la vivienda, ayuda GLSP tambi\u00e9n a aquellos inquilinos con problemas relacionados con calcular la ayuda que reciben y con cumplir\ncon los reglamentos correspondientes a la vivienda subsidiada.<br \/>\u2022 ayudar a los clientes a eliminar aquellas barreras que les impiden tener el acceso a una vivienda asequible, las que podr\u00edan ser tener antecedentes penales, mal cr\u00e9dito o una orden de desalojo del pasado.<br \/>\u2022 adem\u00e1s de representar a los inquilinos, trabajamos con los propietarios, de acuerdo a los recursos disponibles, que tienen ante s\u00ed la amenaza de perder la casa debido al juicio hipotecario, a cuestiones impositivas o debido a otros problemas con el t\u00edtulo inmobiliario.<br \/>\u2022 cuando ocurre un desastre natural, GLSP destina recursos para ayudar a sus clientes con los problemas de vivienda que resultan del mismo, lo cual incluye ayudar a los inquilinos y propietarios a tener acceso a los servicios y beneficios disponibles durante una emergencia. Para poder prestar estos servicios, colaboraremos con la agencia federal para las emergencias, la agencia FEMA por sus siglas en ingl\u00e9s, y la Divisi\u00f3n de Abogados J\u00f3venes del Colegio de Abogados.<\/p>\t\t\t\t\t\t\t\t<\/div>\n\t\t\t\t<\/div>\n\t\t\t\t<div class=\"elementor-element elementor-element-d5e260e jltma-glass-effect-no elementor-widget elementor-widget-heading\" data-id=\"d5e260e\" data-element_type=\"widget\" data-widget_type=\"heading.default\">\n\t\t\t\t<div class=\"elementor-widget-container\">\n\t\t\t\t\t<h2 class=\"elementor-heading-title elementor-size-default\">Informaci\u00f3n adicional: <\/h2>\t\t\t\t<\/div>\n\t\t\t\t<\/div>\n\t\t\t\t<div class=\"elementor-element elementor-element-42f85a1 elementor-icon-list--layout-traditional elementor-list-item-link-full_width jltma-glass-effect-no elementor-widget elementor-widget-icon-list\" data-id=\"42f85a1\" data-element_type=\"widget\" data-widget_type=\"icon-list.default\">\n\t\t\t\t<div class=\"elementor-widget-container\">\n\t\t\t\t\t\t\t<ul class=\"elementor-icon-list-items\">\n\t\t\t\t\t\t\t<li class=\"elementor-icon-list-item\">\n\t\t\t\t\t\t\t\t\t\t\t<a href=\"https:\/\/georgialegal.wpengine.com\/wp-content\/uploads\/2021\/04\/McKinney-Vento-Act-Flyer.pdf\">\n\n\t\t\t\t\t\t\t\t\t\t\t\t<span class=\"elementor-icon-list-icon\">\n\t\t\t\t\t\t\t<i aria-hidden=\"true\" class=\"fas fa-circle\"><\/i>\t\t\t\t\t\t<\/span>\n\t\t\t\t\t\t\t\t\t\t<span class=\"elementor-icon-list-text\"> Folleto de la ley McKinney-Vento Act<\/span>\n\t\t\t\t\t\t\t\t\t\t\t<\/a>\n\t\t\t\t\t\t\t\t\t<\/li>\n\t\t\t\t\t\t\t\t<li class=\"elementor-icon-list-item\">\n\t\t\t\t\t\t\t\t\t\t\t<a href=\"https:\/\/georgialegal.wpengine.com\/wp-content\/uploads\/2021\/04\/2020-10-14-Flyer_McKinneyVentoAct_Draft_v.2-converted-1.pdf\">\n\n\t\t\t\t\t\t\t\t\t\t\t\t<span class=\"elementor-icon-list-icon\">\n\t\t\t\t\t\t\t<i aria-hidden=\"true\" class=\"fas fa-circle\"><\/i>\t\t\t\t\t\t<\/span>\n\t\t\t\t\t\t\t\t\t\t<span class=\"elementor-icon-list-text\">Preguntas frecuentes: McKinney-Vento Act  <\/span>\n\t\t\t\t\t\t\t\t\t\t\t<\/a>\n\t\t\t\t\t\t\t\t\t<\/li>\n\t\t\t\t\t\t<\/ul>\n\t\t\t\t\t\t<\/div>\n\t\t\t\t<\/div>\n\t\t\t\t<div class=\"elementor-element elementor-element-a76c41d jltma-glass-effect-no elementor-widget elementor-widget-spacer\" data-id=\"a76c41d\" data-element_type=\"widget\" data-widget_type=\"spacer.default\">\n\t\t\t\t<div class=\"elementor-widget-container\">\n\t\t\t\t\t\t\t<div class=\"elementor-spacer\">\n\t\t\t<div class=\"elementor-spacer-inner\"><\/div>\n\t\t<\/div>\n\t\t\t\t\t\t<\/div>\n\t\t\t\t<\/div>\n\t\t\t\t<div class=\"elementor-element elementor-element-dbc8e62 jltma-glass-effect-no elementor-widget elementor-widget-heading\" data-id=\"dbc8e62\" data-element_type=\"widget\" data-widget_type=\"heading.default\">\n\t\t\t\t<div class=\"elementor-widget-container\">\n\t\t\t\t\t<h2 class=\"elementor-heading-title elementor-size-default\">Know Your Housing Rights with Georgia Legal Services Program<\/h2>\t\t\t\t<\/div>\n\t\t\t\t<\/div>\n\t\t\t\t<div class=\"elementor-element elementor-element-459e1f1 jltma-glass-effect-no elementor-widget elementor-widget-text-editor\" data-id=\"459e1f1\" data-element_type=\"widget\" data-widget_type=\"text-editor.default\">\n\t\t\t\t<div class=\"elementor-widget-container\">\n\t\t\t\t\t\t\t\t\t<p>Georgia Legal Services Program (GLSP) has developed new eLearning lessons to assist Georgia tenants. The legal information currently available includes lessons on repair issues, the early stages of an eviction, hearings and judgments, and using the tender defense. Click the button below to access the lessons.<\/p>\t\t\t\t\t\t\t\t<\/div>\n\t\t\t\t<\/div>\n\t\t\t\t<div class=\"elementor-element elementor-element-5afb67e jltma-glass-effect-no elementor-widget elementor-widget-button\" data-id=\"5afb67e\" data-element_type=\"widget\" data-widget_type=\"button.default\">\n\t\t\t\t<div class=\"elementor-widget-container\">\n\t\t\t\t\t\t\t\t\t<div class=\"elementor-button-wrapper\">\n\t\t\t\t\t<a class=\"elementor-button elementor-button-link elementor-size-sm\" href=\"https:\/\/learning.glsp.org\">\n\t\t\t\t\t\t<span class=\"elementor-button-content-wrapper\">\n\t\t\t\t\t\t\t\t\t<span class=\"elementor-button-text\">GLSP Learning Management System<\/span>\n\t\t\t\t\t<\/span>\n\t\t\t\t\t<\/a>\n\t\t\t\t<\/div>\n\t\t\t\t\t\t\t\t<\/div>\n\t\t\t\t<\/div>\n\t\t\t\t\t<\/div>\n\t\t<\/div>\n\t\t\t\t\t<\/div>\n\t\t<\/section>\n\t\t\t\t<section class=\"elementor-section elementor-top-section elementor-element elementor-element-373520c elementor-section-full_width elementor-section-height-default elementor-section-height-default jltma-glass-effect-no\" data-id=\"373520c\" data-element_type=\"section\">\n\t\t\t\t\t\t<div class=\"elementor-container elementor-column-gap-default\">\n\t\t\t\t\t<div class=\"elementor-column elementor-col-100 elementor-top-column elementor-element elementor-element-b58f98b jltma-glass-effect-no\" data-id=\"b58f98b\" data-element_type=\"column\">\n\t\t\t<div class=\"elementor-widget-wrap elementor-element-populated\">\n\t\t\t\t\t\t<div class=\"elementor-element elementor-element-6331d5c elementor-widget-divider--view-line jltma-glass-effect-no elementor-widget elementor-widget-divider\" data-id=\"6331d5c\" data-element_type=\"widget\" data-widget_type=\"divider.default\">\n\t\t\t\t<div class=\"elementor-widget-container\">\n\t\t\t\t\t\t\t<div class=\"elementor-divider\">\n\t\t\t<span class=\"elementor-divider-separator\">\n\t\t\t\t\t\t<\/span>\n\t\t<\/div>\n\t\t\t\t\t\t<\/div>\n\t\t\t\t<\/div>\n\t\t\t\t<div class=\"elementor-element elementor-element-d23e2c0 elementor-align-center jltma-glass-effect-no elementor-widget elementor-widget-button\" data-id=\"d23e2c0\" data-element_type=\"widget\" data-widget_type=\"button.default\">\n\t\t\t\t<div class=\"elementor-widget-container\">\n\t\t\t\t\t\t\t\t\t<div class=\"elementor-button-wrapper\">\n\t\t\t\t\t<a class=\"elementor-button elementor-button-link elementor-size-sm\" href=\"https:\/\/georgialegal.wpengine.com\/need-help\/\">\n\t\t\t\t\t\t<span class=\"elementor-button-content-wrapper\">\n\t\t\t\t\t\t\t\t\t<span class=\"elementor-button-text\">\u00bfNecesita ayuda?<\/span>\n\t\t\t\t\t<\/span>\n\t\t\t\t\t<\/a>\n\t\t\t\t<\/div>\n\t\t\t\t\t\t\t\t<\/div>\n\t\t\t\t<\/div>\n\t\t\t\t<div class=\"elementor-element elementor-element-9e4edc5 jltma-glass-effect-no elementor-widget elementor-widget-heading\" data-id=\"9e4edc5\" data-element_type=\"widget\" data-widget_type=\"heading.default\">\n\t\t\t\t<div class=\"elementor-widget-container\">\n\t\t\t\t\t<h2 class=\"elementor-heading-title elementor-size-default\">Presente su solicitud en l\u00ednea o llame a <a href=\"tel:1-833-457-7529\">1-833-GLSP LAW<\/a><\/h2>\t\t\t\t<\/div>\n\t\t\t\t<\/div>\n\t\t\t\t\t<\/div>\n\t\t<\/div>\n\t\t\t\t\t<\/div>\n\t\t<\/section>\n\t\t\t\t<\/div>","protected":false},"excerpt":{"rendered":"<p>housing GLSP\u2019s housing work is guided by Matthew Desmond\u2019s statement that: \u201cEviction is a cause, not simply a condition, of poverty.\u201d GLSP\u2019s legal work focuses on the representation of tenants in both subsidized housing and private rental housing. We seek to preserve housing by raising legal defenses to evictions and improve housing quality by representing [&hellip;]<\/p>\n","protected":false},"author":11,"featured_media":0,"parent":0,"menu_order":0,"comment_status":"closed","ping_status":"closed","template":"elementor_header_footer","meta":{"om_disable_all_campaigns":false,"_monsterinsights_skip_tracking":false,"_monsterinsights_sitenote_active":false,"_monsterinsights_sitenote_note":"","_monsterinsights_sitenote_category":0,"_uf_show_specific_survey":0,"_uf_disable_surveys":false,"footnotes":""},"class_list":["post-858","page","type-page","status-publish","hentry"],"_links":{"self":[{"href":"https:\/\/www.glsp.org\/es\/wp-json\/wp\/v2\/pages\/858","targetHints":{"allow":["GET"]}}],"collection":[{"href":"https:\/\/www.glsp.org\/es\/wp-json\/wp\/v2\/pages"}],"about":[{"href":"https:\/\/www.glsp.org\/es\/wp-json\/wp\/v2\/types\/page"}],"author":[{"embeddable":true,"href":"https:\/\/www.glsp.org\/es\/wp-json\/wp\/v2\/users\/11"}],"replies":[{"embeddable":true,"href":"https:\/\/www.glsp.org\/es\/wp-json\/wp\/v2\/comments?post=858"}],"version-history":[{"count":0,"href":"https:\/\/www.glsp.org\/es\/wp-json\/wp\/v2\/pages\/858\/revisions"}],"wp:attachment":[{"href":"https:\/\/www.glsp.org\/es\/wp-json\/wp\/v2\/media?parent=858"}],"curies":[{"name":"wp","href":"https:\/\/api.w.org\/{rel}","templated":true}]}}