{"id":256,"date":"2019-04-30T15:47:12","date_gmt":"2019-04-30T15:47:12","guid":{"rendered":"https:\/\/georgialegal.wpengine.com\/?page_id=256"},"modified":"2021-08-14T15:50:10","modified_gmt":"2021-08-14T19:50:10","slug":"dons-story","status":"publish","type":"page","link":"https:\/\/www.glsp.org\/es\/dons-story\/","title":{"rendered":"La historia de Don"},"content":{"rendered":"<div data-elementor-type=\"wp-post\" data-elementor-id=\"256\" class=\"elementor elementor-256\" data-elementor-post-type=\"page\">\n\t\t\t\t\t\t<section class=\"elementor-section elementor-top-section elementor-element elementor-element-e1aa890 elementor-section-boxed elementor-section-height-default elementor-section-height-default jltma-glass-effect-no\" data-id=\"e1aa890\" data-element_type=\"section\">\n\t\t\t\t\t\t<div class=\"elementor-container elementor-column-gap-default\">\n\t\t\t\t\t<div class=\"elementor-column elementor-col-100 elementor-top-column elementor-element elementor-element-0fcb500 jltma-glass-effect-no\" data-id=\"0fcb500\" data-element_type=\"column\">\n\t\t\t<div class=\"elementor-widget-wrap elementor-element-populated\">\n\t\t\t\t\t\t<div class=\"elementor-element elementor-element-d71a18c jltma-glass-effect-no elementor-widget elementor-widget-image\" data-id=\"d71a18c\" data-element_type=\"widget\" data-widget_type=\"image.default\">\n\t\t\t\t<div class=\"elementor-widget-container\">\n\t\t\t\t\t\t\t\t\t\t\t\t<figure class=\"wp-caption\">\n\t\t\t\t\t\t\t\t\t\t<img fetchpriority=\"high\" decoding=\"async\" width=\"1000\" height=\"562\" src=\"https:\/\/www.glsp.org\/wp-content\/uploads\/2019\/04\/bill.jpg\" class=\"attachment-full size-full wp-image-249\" alt=\"\" srcset=\"https:\/\/www.glsp.org\/wp-content\/uploads\/2019\/04\/bill.jpg 1000w, https:\/\/www.glsp.org\/wp-content\/uploads\/2019\/04\/bill-300x169.jpg 300w, https:\/\/www.glsp.org\/wp-content\/uploads\/2019\/04\/bill-768x432.jpg 768w\" sizes=\"(max-width: 1000px) 100vw, 1000px\" \/>\t\t\t\t\t\t\t\t\t\t\t<figcaption class=\"widget-image-caption wp-caption-text\">*Las fotos y nombres son ficticios para proteger la informaci\u00f3n privada del<\/figcaption>\n\t\t\t\t\t\t\t\t\t\t<\/figure>\n\t\t\t\t\t\t\t\t\t<\/div>\n\t\t\t\t<\/div>\n\t\t\t\t<div class=\"elementor-element elementor-element-13d28fe jltma-glass-effect-no elementor-widget elementor-widget-text-editor\" data-id=\"13d28fe\" data-element_type=\"widget\" data-widget_type=\"text-editor.default\">\n\t\t\t\t<div class=\"elementor-widget-container\">\n\t\t\t\t\t\t\t\t\tDon fue referido a GLSP por una trabajadora social de un hospital. Don padece de una enfermedad mental aguda y necesitaba una vivienda subsidiada cerca de su familia. Antes de su estad\u00eda en el hospital, Don no ten\u00eda d\u00f3nde vivirni ten\u00eda ning\u00fan carnet de identificaci\u00f3n con foto. La trabajadora social trat\u00f3 de conseguirle un carnet de identificaci\u00f3n del Estado, pero se le neg\u00f3 la petici\u00f3n porque el nombre que figura en la partida de nacimiento de Don no coincid\u00eda con sus otros documentos oficiales, como su tarjeta del seguro social, su acta de matrimonio, su documentaci\u00f3n escolar y su sentencia de divorcio. Por consiguiente, se le neg\u00f3 la vivienda subsidiada.\n<br>\n<br>\nLos abogados de las oficinas de GLSP en Augusta presentaron una petici\u00f3n para cambiar el nombre oficial de Don para que coincidiera con el nombre que \u00e9l llevaba usando toda la vida y que figuraba en varios de sus documentos. Cuando concedi\u00f3 el Juez el cambio de nombre, pudo la trabajadora social conseguir un carnet de identificaci\u00f3n con foto para Don, y con ese carnet se le concedi\u00f3 una vivienda subsidiada cerca de su familia. Ahora, gracias a GLSP, Don puede pasar el resto de sus d\u00edas en su casa rodeado de su familia.\t\t\t\t\t\t\t\t<\/div>\n\t\t\t\t<\/div>\n\t\t\t\t\t<\/div>\n\t\t<\/div>\n\t\t\t\t\t<\/div>\n\t\t<\/section>\n\t\t\t\t<\/div>","protected":false},"excerpt":{"rendered":"<p>*Photos and names are fictional to protect client&#8217;s privacy Don was referred to GLSP by a hospital social worker. Don suffers from severe mental illness and needed subsidized housing near his family. Previous to his hospital stay, Don was homeless and had no form of photo identification. The social worker tried to obtain a state [&hellip;]<\/p>\n","protected":false},"author":11,"featured_media":249,"parent":0,"menu_order":0,"comment_status":"closed","ping_status":"closed","template":"","meta":{"om_disable_all_campaigns":false,"_monsterinsights_skip_tracking":false,"_monsterinsights_sitenote_active":false,"_monsterinsights_sitenote_note":"","_monsterinsights_sitenote_category":0,"_uf_show_specific_survey":0,"_uf_disable_surveys":false,"footnotes":""},"class_list":["post-256","page","type-page","status-publish","has-post-thumbnail","hentry"],"_links":{"self":[{"href":"https:\/\/www.glsp.org\/es\/wp-json\/wp\/v2\/pages\/256","targetHints":{"allow":["GET"]}}],"collection":[{"href":"https:\/\/www.glsp.org\/es\/wp-json\/wp\/v2\/pages"}],"about":[{"href":"https:\/\/www.glsp.org\/es\/wp-json\/wp\/v2\/types\/page"}],"author":[{"embeddable":true,"href":"https:\/\/www.glsp.org\/es\/wp-json\/wp\/v2\/users\/11"}],"replies":[{"embeddable":true,"href":"https:\/\/www.glsp.org\/es\/wp-json\/wp\/v2\/comments?post=256"}],"version-history":[{"count":0,"href":"https:\/\/www.glsp.org\/es\/wp-json\/wp\/v2\/pages\/256\/revisions"}],"wp:featuredmedia":[{"embeddable":true,"href":"https:\/\/www.glsp.org\/es\/wp-json\/wp\/v2\/media\/249"}],"wp:attachment":[{"href":"https:\/\/www.glsp.org\/es\/wp-json\/wp\/v2\/media?parent=256"}],"curies":[{"name":"wp","href":"https:\/\/api.w.org\/{rel}","templated":true}]}}