{"id":241,"date":"2019-04-30T14:17:51","date_gmt":"2019-04-30T14:17:51","guid":{"rendered":"https:\/\/georgialegal.wpengine.com\/?page_id=241"},"modified":"2021-05-02T20:24:43","modified_gmt":"2021-05-02T20:24:43","slug":"jeds-story","status":"publish","type":"page","link":"https:\/\/www.glsp.org\/es\/jeds-story\/","title":{"rendered":"La historia de Jed"},"content":{"rendered":"<div data-elementor-type=\"wp-post\" data-elementor-id=\"241\" class=\"elementor elementor-241\" data-elementor-post-type=\"page\">\n\t\t\t\t\t\t<section class=\"elementor-section elementor-top-section elementor-element elementor-element-6b294e82 elementor-section-boxed elementor-section-height-default elementor-section-height-default jltma-glass-effect-no\" data-id=\"6b294e82\" data-element_type=\"section\">\n\t\t\t\t\t\t<div class=\"elementor-container elementor-column-gap-default\">\n\t\t\t\t\t<div class=\"elementor-column elementor-col-100 elementor-top-column elementor-element elementor-element-49ffe74b jltma-glass-effect-no\" data-id=\"49ffe74b\" data-element_type=\"column\">\n\t\t\t<div class=\"elementor-widget-wrap elementor-element-populated\">\n\t\t\t\t\t\t<div class=\"elementor-element elementor-element-75ff46a jltma-glass-effect-no elementor-widget elementor-widget-image\" data-id=\"75ff46a\" data-element_type=\"widget\" data-widget_type=\"image.default\">\n\t\t\t\t<div class=\"elementor-widget-container\">\n\t\t\t\t\t\t\t\t\t\t\t\t<figure class=\"wp-caption\">\n\t\t\t\t\t\t\t\t\t\t<img fetchpriority=\"high\" decoding=\"async\" width=\"325\" height=\"217\" src=\"https:\/\/www.glsp.org\/wp-content\/uploads\/2019\/04\/jed.jpg\" class=\"attachment-full size-full wp-image-243\" alt=\"\" srcset=\"https:\/\/www.glsp.org\/wp-content\/uploads\/2019\/04\/jed.jpg 325w, https:\/\/www.glsp.org\/wp-content\/uploads\/2019\/04\/jed-300x200.jpg 300w\" sizes=\"(max-width: 325px) 100vw, 325px\" \/>\t\t\t\t\t\t\t\t\t\t\t<figcaption class=\"widget-image-caption wp-caption-text\">*Las fotos y nombres son ficticios para proteger la informaci\u00f3n privada del<\/figcaption>\n\t\t\t\t\t\t\t\t\t\t<\/figure>\n\t\t\t\t\t\t\t\t\t<\/div>\n\t\t\t\t<\/div>\n\t\t\t\t<div class=\"elementor-element elementor-element-468dfcd5 jltma-glass-effect-no elementor-widget elementor-widget-text-editor\" data-id=\"468dfcd5\" data-element_type=\"widget\" data-widget_type=\"text-editor.default\">\n\t\t\t\t<div class=\"elementor-widget-container\">\n\t\t\t\t\t\t\t\t\t<p><\/p>\n<p>Jed se puso en contacto con GLSP bajo unas circunstancias de vida o muerte. \u00c9l es mayor de edad, tetrapl\u00e9gico y depende de un respirador mec\u00e1nico en la tr\u00e1quea. Debido a su condici\u00f3n, depende totalmente de la ayuda de otros, que incluye la ayuda para entrar y salir de la cama, para ducharse, para comer y muchas de las otras tareas de la vida diaria.<\/p>\n<p><\/p>\n<p>Por una raz\u00f3n no indicada, los apartamentos en donde viv\u00eda Jed rechazaron los pagos de fondos federales por el alquiler de su apartamento y exigieron que se desahuciara de inmediato. Los apartamentos presentaron unaorden de desahucio por falta de pago del alquiler. De acuerdo con las leyes de defensa de ofrecimiento de Georgia (las leyes de \u2015tender defense\u2016), pag\u00f3 \u00e9l a la oficina del registro judicial el alquiler adeudado, m\u00e1s las costas del auto de desahucio. El Juzgado de Primera Instancia fall\u00f3 a favor de Jed y le concedi\u00f3 la tenencia contin\u00faa de su apartamento.\n<br>\nDesafortunadamente, no era suficiente la representaci\u00f3n legal de que dispon\u00eda Jed durante la audiencia celebrada en el Juzgado de Segunda Instancia, y el Juez fall\u00f3 a favor de la compa\u00f1\u00eda de los apartamentos.<\/p>\n<p><\/p>\n<p>Fue en este momento que Jed se puso en contacto con las oficinas de GLSP en busca de ayuda. Las abogadas Cheryl Griffin y Susan Reif asumieron la responsabilidad de esta causa de frente. Primero intentaron encontrar una alternativa de vivienda para Jed, pero no tuvieron \u00e9xito, pues en el suroeste de Georgia, con su suma pobreza, donde vive Jed, es casi imposible encontrar una vivienda adecuada y asequible para una persona con una discapacidad severa.<\/p>\n<p><\/p>\n<p>Las abogadas Griffin y Reif trataron tambi\u00e9n de hacer negociaciones con los apartamentos, pero con poco resultado.<\/p>\n<p><\/p>\n<p>No se disuadieron, pues las Lcdas. Griffin y Reif presentaron una Petici\u00f3n Judicial de Dejar sin Efecto y Suspender el Fallo de Tenencia. Se celebr\u00f3 una audiencia judicial al respecto y pudieron persuadir al Juez de Segunda Instancia que revocara el fallo que pronunci\u00f3 y que afirmara el fallo del Juzgado de Primera Instancia.<\/p>\n<p><\/p>\n<p>La dedicaci\u00f3n inquebrantable de GLSP para esta causa no s\u00f3lo cambi\u00f3 la vida de Jed sino la salv\u00f3. Jed no dispon\u00eda ni de familiares ni de amigos en esa zona, pues habr\u00eda acabado en la calle si hubiera quedado desahuciado de su apartamento. Indudablemente el estar en la calle significaba, sin falta, su muerte, puesto que depend\u00eda de la electricidadpara el respirador mec\u00e1nico que usaba.<\/p>\n<p><\/p>\n<p>Es tan raro poder persuadir a un Juez que reconsidere y revoque un fallo que inicialmente hab\u00eda pronunciado, y era tan importante en la situaci\u00f3n de Jed por ser una cuesti\u00f3n de vida o muerte. Sin GLSP, no habr\u00eda tenido \u00e9l los recursos para refutar el fallo injusto del Juez de Segunda Instancia. La causa de Jed nos recuerda que, aunque pudiera parecer demasiado tarde para ayudar a un cliente, es importante siempre agotar todos los remedios de ley. &nbsp;<\/p>\n<p><\/p>\t\t\t\t\t\t\t\t<\/div>\n\t\t\t\t<\/div>\n\t\t\t\t\t<\/div>\n\t\t<\/div>\n\t\t\t\t\t<\/div>\n\t\t<\/section>\n\t\t\t\t<\/div>","protected":false},"excerpt":{"rendered":"<p>*Photos and names are fictional to protect client privacy Jed reached out to GLSP under life-or-death circumstances. He is a senior-aged quadriplegic dependent on a ventilator in his trachea. Due to his condition, Jed is entirely reliant on assistance from others, including getting in and out bed, showering, eating, and many other daily tasks. For [&hellip;]<\/p>\n","protected":false},"author":11,"featured_media":243,"parent":0,"menu_order":0,"comment_status":"closed","ping_status":"closed","template":"","meta":{"om_disable_all_campaigns":false,"_monsterinsights_skip_tracking":false,"_monsterinsights_sitenote_active":false,"_monsterinsights_sitenote_note":"","_monsterinsights_sitenote_category":0,"_uf_show_specific_survey":0,"_uf_disable_surveys":false,"footnotes":""},"class_list":["post-241","page","type-page","status-publish","has-post-thumbnail","hentry"],"_links":{"self":[{"href":"https:\/\/www.glsp.org\/es\/wp-json\/wp\/v2\/pages\/241","targetHints":{"allow":["GET"]}}],"collection":[{"href":"https:\/\/www.glsp.org\/es\/wp-json\/wp\/v2\/pages"}],"about":[{"href":"https:\/\/www.glsp.org\/es\/wp-json\/wp\/v2\/types\/page"}],"author":[{"embeddable":true,"href":"https:\/\/www.glsp.org\/es\/wp-json\/wp\/v2\/users\/11"}],"replies":[{"embeddable":true,"href":"https:\/\/www.glsp.org\/es\/wp-json\/wp\/v2\/comments?post=241"}],"version-history":[{"count":0,"href":"https:\/\/www.glsp.org\/es\/wp-json\/wp\/v2\/pages\/241\/revisions"}],"wp:featuredmedia":[{"embeddable":true,"href":"https:\/\/www.glsp.org\/es\/wp-json\/wp\/v2\/media\/243"}],"wp:attachment":[{"href":"https:\/\/www.glsp.org\/es\/wp-json\/wp\/v2\/media?parent=241"}],"curies":[{"name":"wp","href":"https:\/\/api.w.org\/{rel}","templated":true}]}}