{"id":1479,"date":"2021-05-02T10:21:16","date_gmt":"2021-05-02T10:21:16","guid":{"rendered":"https:\/\/georgialegal.wpengine.com\/?page_id=1479"},"modified":"2022-07-07T04:10:13","modified_gmt":"2022-07-07T08:10:13","slug":"economic-security","status":"publish","type":"page","link":"https:\/\/www.glsp.org\/es\/economic-security\/","title":{"rendered":"Economic security"},"content":{"rendered":"<div data-elementor-type=\"wp-page\" data-elementor-id=\"1479\" class=\"elementor elementor-1479\" data-elementor-post-type=\"page\">\n\t\t\t\t\t\t<section class=\"elementor-section elementor-top-section elementor-element elementor-element-4c166c6 elementor-section-full_width elementor-section-height-default elementor-section-height-default jltma-glass-effect-no\" data-id=\"4c166c6\" data-element_type=\"section\" data-settings=\"{&quot;background_background&quot;:&quot;classic&quot;}\">\n\t\t\t\t\t\t<div class=\"elementor-container elementor-column-gap-default\">\n\t\t\t\t\t<div class=\"elementor-column elementor-col-100 elementor-top-column elementor-element elementor-element-327fdc2a jltma-glass-effect-no\" data-id=\"327fdc2a\" data-element_type=\"column\">\n\t\t\t<div class=\"elementor-widget-wrap elementor-element-populated\">\n\t\t\t\t\t\t<div class=\"elementor-element elementor-element-1bc3a222 jltma-glass-effect-no elementor-widget elementor-widget-heading\" data-id=\"1bc3a222\" data-element_type=\"widget\" data-widget_type=\"heading.default\">\n\t\t\t\t<div class=\"elementor-widget-container\">\n\t\t\t\t\t<h2 class=\"elementor-heading-title elementor-size-default\">Seguridad econ\u00f3mica<\/h2>\t\t\t\t<\/div>\n\t\t\t\t<\/div>\n\t\t\t\t<div class=\"elementor-element elementor-element-305b68cf elementor-widget-divider--view-line jltma-glass-effect-no elementor-widget elementor-widget-divider\" data-id=\"305b68cf\" data-element_type=\"widget\" data-widget_type=\"divider.default\">\n\t\t\t\t<div class=\"elementor-widget-container\">\n\t\t\t\t\t\t\t<div class=\"elementor-divider\">\n\t\t\t<span class=\"elementor-divider-separator\">\n\t\t\t\t\t\t<\/span>\n\t\t<\/div>\n\t\t\t\t\t\t<\/div>\n\t\t\t\t<\/div>\n\t\t\t\t<div class=\"elementor-element elementor-element-2711b6c7 jltma-glass-effect-no elementor-widget elementor-widget-text-editor\" data-id=\"2711b6c7\" data-element_type=\"widget\" data-widget_type=\"text-editor.default\">\n\t\t\t\t<div class=\"elementor-widget-container\">\n\t\t\t\t\t\t\t\t\t<p>Una de las partes principales de la misi\u00f3n de GLSP es el poder crear las oportunidades necesarias para salir de la pobreza.Es una prioridad el conservar u obtener los ingresos. Representamos a aquellos clientes que tratan de obtener o conservar los beneficios que les corresponden del desempleo, de la ayuda para las familias necesitadas denominada Temporary Assistance to Needy Famlies (TANF, por sus siglas en ingl\u00e9s), de las estampillas para la comida, de los beneficios del Seguro Social, de los ingresos suplementarios para la seguridad (los ingresos SSI) y de los otros beneficios de ayuda del Estado, y siempre con un enfoque en las personas discapacitadas y aqu\u00e9llas quienes no hablan bien el ingl\u00e9s. Tambi\u00e9n GLSP ayuda a aquellos clientes que necesitan resolver problemas con las leyes que se relacionan con el acceso a las guarder\u00edas infantiles, el transporte, la cobertura temporal del seguro de salud y otros servicios de apoyo. Toda esta ayuda eliminar\u00e1 las barreras existentes al empleo y as\u00ed llevar\u00e1 a una mayor independencia financiera. Nosotros representamos a los clientes con aquellos problemas del consumidor que podr\u00edan llevar a un embargo en el salario o la p\u00e9rdida de un autom\u00f3vil que se necesitar\u00eda para llegar al trabajo o a los consultorios para la atenci\u00f3n m\u00e9dica.<\/p>\t\t\t\t\t\t\t\t<\/div>\n\t\t\t\t<\/div>\n\t\t\t\t\t<\/div>\n\t\t<\/div>\n\t\t\t\t\t<\/div>\n\t\t<\/section>\n\t\t\t\t<section class=\"elementor-section elementor-top-section elementor-element elementor-element-6993c349 elementor-section-full_width elementor-section-height-default elementor-section-height-default jltma-glass-effect-no\" data-id=\"6993c349\" data-element_type=\"section\">\n\t\t\t\t\t\t<div class=\"elementor-container elementor-column-gap-default\">\n\t\t\t\t\t<div class=\"elementor-column elementor-col-100 elementor-top-column elementor-element elementor-element-483c6edc jltma-glass-effect-no\" data-id=\"483c6edc\" data-element_type=\"column\">\n\t\t\t<div class=\"elementor-widget-wrap elementor-element-populated\">\n\t\t\t\t\t\t<div class=\"elementor-element elementor-element-74eecc0e elementor-widget-divider--view-line jltma-glass-effect-no elementor-widget elementor-widget-divider\" data-id=\"74eecc0e\" data-element_type=\"widget\" data-widget_type=\"divider.default\">\n\t\t\t\t<div class=\"elementor-widget-container\">\n\t\t\t\t\t\t\t<div class=\"elementor-divider\">\n\t\t\t<span class=\"elementor-divider-separator\">\n\t\t\t\t\t\t<\/span>\n\t\t<\/div>\n\t\t\t\t\t\t<\/div>\n\t\t\t\t<\/div>\n\t\t\t\t<div class=\"elementor-element elementor-element-45bedd3c elementor-align-center jltma-glass-effect-no elementor-widget elementor-widget-button\" data-id=\"45bedd3c\" data-element_type=\"widget\" data-widget_type=\"button.default\">\n\t\t\t\t<div class=\"elementor-widget-container\">\n\t\t\t\t\t\t\t\t\t<div class=\"elementor-button-wrapper\">\n\t\t\t\t\t<a class=\"elementor-button elementor-button-link elementor-size-sm\" href=\"https:\/\/georgialegal.wpengine.com\/need-help\/\">\n\t\t\t\t\t\t<span class=\"elementor-button-content-wrapper\">\n\t\t\t\t\t\t\t\t\t<span class=\"elementor-button-text\">\u00bfNecesita ayuda?<\/span>\n\t\t\t\t\t<\/span>\n\t\t\t\t\t<\/a>\n\t\t\t\t<\/div>\n\t\t\t\t\t\t\t\t<\/div>\n\t\t\t\t<\/div>\n\t\t\t\t<div class=\"elementor-element elementor-element-39cdd28d jltma-glass-effect-no elementor-widget elementor-widget-heading\" data-id=\"39cdd28d\" data-element_type=\"widget\" data-widget_type=\"heading.default\">\n\t\t\t\t<div class=\"elementor-widget-container\">\n\t\t\t\t\t<h2 class=\"elementor-heading-title elementor-size-default\">Presente su solicitud en l\u00ednea o llame a <a href=\"tel:18334577529\">1-833-GLSP LAW<\/a><\/h2>\t\t\t\t<\/div>\n\t\t\t\t<\/div>\n\t\t\t\t\t<\/div>\n\t\t<\/div>\n\t\t\t\t\t<\/div>\n\t\t<\/section>\n\t\t\t\t<\/div>","protected":false},"excerpt":{"rendered":"<p>Economic Security Creating opportunities out of poverty is a major part of GLSP\u2019s mission. Preserving or securing income is a priority. We represent clients seeking to obtain or preserve unemployment benefits, Temporary Assistance to Needy Families (TANF), Food Stamps, Social Security, Supplemental Security Income, and other public assistance, with a focus on persons with disabilities [&hellip;]<\/p>\n","protected":false},"author":11,"featured_media":0,"parent":0,"menu_order":0,"comment_status":"closed","ping_status":"closed","template":"elementor_header_footer","meta":{"om_disable_all_campaigns":false,"_monsterinsights_skip_tracking":false,"_monsterinsights_sitenote_active":false,"_monsterinsights_sitenote_note":"","_monsterinsights_sitenote_category":0,"_uf_show_specific_survey":0,"_uf_disable_surveys":false,"footnotes":""},"class_list":["post-1479","page","type-page","status-publish","hentry"],"_links":{"self":[{"href":"https:\/\/www.glsp.org\/es\/wp-json\/wp\/v2\/pages\/1479","targetHints":{"allow":["GET"]}}],"collection":[{"href":"https:\/\/www.glsp.org\/es\/wp-json\/wp\/v2\/pages"}],"about":[{"href":"https:\/\/www.glsp.org\/es\/wp-json\/wp\/v2\/types\/page"}],"author":[{"embeddable":true,"href":"https:\/\/www.glsp.org\/es\/wp-json\/wp\/v2\/users\/11"}],"replies":[{"embeddable":true,"href":"https:\/\/www.glsp.org\/es\/wp-json\/wp\/v2\/comments?post=1479"}],"version-history":[{"count":0,"href":"https:\/\/www.glsp.org\/es\/wp-json\/wp\/v2\/pages\/1479\/revisions"}],"wp:attachment":[{"href":"https:\/\/www.glsp.org\/es\/wp-json\/wp\/v2\/media?parent=1479"}],"curies":[{"name":"wp","href":"https:\/\/api.w.org\/{rel}","templated":true}]}}