{"id":1403,"date":"2021-04-24T10:47:37","date_gmt":"2021-04-24T10:47:37","guid":{"rendered":"https:\/\/georgialegal.wpengine.com\/?page_id=1403"},"modified":"2025-12-04T18:49:16","modified_gmt":"2025-12-04T22:49:16","slug":"need-help","status":"publish","type":"page","link":"https:\/\/www.glsp.org\/es\/need-help\/","title":{"rendered":"Need Help"},"content":{"rendered":"<div data-elementor-type=\"wp-page\" data-elementor-id=\"1403\" class=\"elementor elementor-1403\" data-elementor-post-type=\"page\">\n\t\t\t\t\t\t<section class=\"elementor-section elementor-top-section elementor-element elementor-element-123b706c elementor-section-boxed elementor-section-height-default elementor-section-height-default jltma-glass-effect-no\" data-id=\"123b706c\" data-element_type=\"section\">\n\t\t\t\t\t\t<div class=\"elementor-container elementor-column-gap-default\">\n\t\t\t\t\t<div class=\"elementor-column elementor-col-100 elementor-top-column elementor-element elementor-element-5e658f45 jltma-glass-effect-no\" data-id=\"5e658f45\" data-element_type=\"column\">\n\t\t\t<div class=\"elementor-widget-wrap elementor-element-populated\">\n\t\t\t\t\t\t<div class=\"elementor-element elementor-element-1d1bbfec elementor-icon-list--layout-inline elementor-mobile-align-center elementor-list-item-link-full_width jltma-glass-effect-no elementor-widget elementor-widget-icon-list\" data-id=\"1d1bbfec\" data-element_type=\"widget\" data-widget_type=\"icon-list.default\">\n\t\t\t\t<div class=\"elementor-widget-container\">\n\t\t\t\t\t\t\t<ul class=\"elementor-icon-list-items elementor-inline-items\">\n\t\t\t\t\t\t\t<li class=\"elementor-icon-list-item elementor-inline-item\">\n\t\t\t\t\t\t\t\t\t\t\t<a href=\"#Eligibility\">\n\n\t\t\t\t\t\t\t\t\t\t\t<span class=\"elementor-icon-list-text\">Elegibilidad<\/span>\n\t\t\t\t\t\t\t\t\t\t\t<\/a>\n\t\t\t\t\t\t\t\t\t<\/li>\n\t\t\t\t\t\t\t\t<li class=\"elementor-icon-list-item elementor-inline-item\">\n\t\t\t\t\t\t\t\t\t\t\t<a href=\"#SelfHelp\">\n\n\t\t\t\t\t\t\t\t\t\t\t<span class=\"elementor-icon-list-text\">La autoayuda<\/span>\n\t\t\t\t\t\t\t\t\t\t\t<\/a>\n\t\t\t\t\t\t\t\t\t<\/li>\n\t\t\t\t\t\t\t\t<li class=\"elementor-icon-list-item elementor-inline-item\">\n\t\t\t\t\t\t\t\t\t\t\t<a href=\"#FieldOffices\">\n\n\t\t\t\t\t\t\t\t\t\t\t<span class=\"elementor-icon-list-text\">Oficinas locales<\/span>\n\t\t\t\t\t\t\t\t\t\t\t<\/a>\n\t\t\t\t\t\t\t\t\t<\/li>\n\t\t\t\t\t\t<\/ul>\n\t\t\t\t\t\t<\/div>\n\t\t\t\t<\/div>\n\t\t\t\t\t<\/div>\n\t\t<\/div>\n\t\t\t\t\t<\/div>\n\t\t<\/section>\n\t\t\t\t<section class=\"elementor-section elementor-top-section elementor-element elementor-element-e529e31 elementor-section-full_width elementor-section-height-default elementor-section-height-default jltma-glass-effect-no\" data-id=\"e529e31\" data-element_type=\"section\">\n\t\t\t\t\t\t<div class=\"elementor-container elementor-column-gap-default\">\n\t\t\t\t\t<div class=\"elementor-column elementor-col-100 elementor-top-column elementor-element elementor-element-27a90a9 jltma-glass-effect-no\" data-id=\"27a90a9\" data-element_type=\"column\">\n\t\t\t<div class=\"elementor-widget-wrap elementor-element-populated\">\n\t\t\t\t\t\t<div class=\"elementor-element elementor-element-c61486b jltma-glass-effect-no elementor-widget elementor-widget-heading\" data-id=\"c61486b\" data-element_type=\"widget\" data-widget_type=\"heading.default\">\n\t\t\t\t<div class=\"elementor-widget-container\">\n\t\t\t\t\t<h2 class=\"elementor-heading-title elementor-size-default\">\u00bfNecesita ayuda?<\/h2>\t\t\t\t<\/div>\n\t\t\t\t<\/div>\n\t\t\t\t<div class=\"elementor-element elementor-element-0ecd4b5 jltma-glass-effect-no elementor-widget elementor-widget-heading\" data-id=\"0ecd4b5\" data-element_type=\"widget\" data-widget_type=\"heading.default\">\n\t\t\t\t<div class=\"elementor-widget-container\">\n\t\t\t\t\t<h2 class=\"elementor-heading-title elementor-size-default\">Informaci\u00f3n sobre la elegibilidad<\/h2>\t\t\t\t<\/div>\n\t\t\t\t<\/div>\n\t\t\t\t<div class=\"elementor-element elementor-element-f9c631b jltma-glass-effect-no elementor-widget elementor-widget-menu-anchor\" data-id=\"f9c631b\" data-element_type=\"widget\" data-widget_type=\"menu-anchor.default\">\n\t\t\t\t<div class=\"elementor-widget-container\">\n\t\t\t\t\t\t\t<div class=\"elementor-menu-anchor\" id=\"Eligibility\"><\/div>\n\t\t\t\t\t\t<\/div>\n\t\t\t\t<\/div>\n\t\t\t\t<div class=\"elementor-element elementor-element-ed80006 elementor-widget-divider--view-line jltma-glass-effect-no elementor-widget elementor-widget-divider\" data-id=\"ed80006\" data-element_type=\"widget\" data-widget_type=\"divider.default\">\n\t\t\t\t<div class=\"elementor-widget-container\">\n\t\t\t\t\t\t\t<div class=\"elementor-divider\">\n\t\t\t<span class=\"elementor-divider-separator\">\n\t\t\t\t\t\t<\/span>\n\t\t<\/div>\n\t\t\t\t\t\t<\/div>\n\t\t\t\t<\/div>\n\t\t\t\t<div class=\"elementor-element elementor-element-350d53b jltma-glass-effect-no elementor-widget elementor-widget-text-editor\" data-id=\"350d53b\" data-element_type=\"widget\" data-widget_type=\"text-editor.default\">\n\t\t\t\t<div class=\"elementor-widget-container\">\n\t\t\t\t\t\t\t\t\tNuestros abogados y personal auxiliar brindan de forma gratuita ayuda para los asuntos civiles a las personas de Georgia que viven en los 154 condados fuera de la zona metropolitana de Atlanta. No representamos a aquellas personas que viven en los condados de Clayton, Cobb, DeKalb, Fulton o Gwinnett. Generalmente cumplen los requisitos de elegibilidad nuestros clientes si no disponen de ingresos de m\u00e1s del 200% del nivel federal de la pobreza o al tener 60 a\u00f1os o m\u00e1s y que viven en la mayor\u00eda de los condados de Georgia. Hay otros requisitos para poder disponer de la representaci\u00f3n legal de la organizaci\u00f3n GLSP. Presente su solicitud para averiguar si usted re\u00fane los requisitos de elegibilidad.\t\t\t\t\t\t\t\t<\/div>\n\t\t\t\t<\/div>\n\t\t\t\t<div class=\"elementor-element elementor-element-9ffbf2d elementor-align-center jltma-glass-effect-no elementor-widget elementor-widget-button\" data-id=\"9ffbf2d\" data-element_type=\"widget\" data-widget_type=\"button.default\">\n\t\t\t\t<div class=\"elementor-widget-container\">\n\t\t\t\t\t\t\t\t\t<div class=\"elementor-button-wrapper\">\n\t\t\t\t\t<a class=\"elementor-button elementor-button-link elementor-size-sm\" href=\"https:\/\/gaoi.legalserver.org\/modules\/matter\/extern_intake.php?pid=108&#038;h=5c2a5f&#038;\" target=\"_blank\">\n\t\t\t\t\t\t<span class=\"elementor-button-content-wrapper\">\n\t\t\t\t\t\t\t\t\t<span class=\"elementor-button-text\">Compruebe su elegibilidad<\/span>\n\t\t\t\t\t<\/span>\n\t\t\t\t\t<\/a>\n\t\t\t\t<\/div>\n\t\t\t\t\t\t\t\t<\/div>\n\t\t\t\t<\/div>\n\t\t\t\t<div class=\"elementor-element elementor-element-ae40f5f jltma-glass-effect-no elementor-widget elementor-widget-heading\" data-id=\"ae40f5f\" data-element_type=\"widget\" data-widget_type=\"heading.default\">\n\t\t\t\t<div class=\"elementor-widget-container\">\n\t\t\t\t\t<h2 class=\"elementor-heading-title elementor-size-default\">La autoayuda<\/h2>\t\t\t\t<\/div>\n\t\t\t\t<\/div>\n\t\t\t\t<div class=\"elementor-element elementor-element-10baeac jltma-glass-effect-no elementor-widget elementor-widget-menu-anchor\" data-id=\"10baeac\" data-element_type=\"widget\" data-widget_type=\"menu-anchor.default\">\n\t\t\t\t<div class=\"elementor-widget-container\">\n\t\t\t\t\t\t\t<div class=\"elementor-menu-anchor\" id=\"SelfHelp\"><\/div>\n\t\t\t\t\t\t<\/div>\n\t\t\t\t<\/div>\n\t\t\t\t<div class=\"elementor-element elementor-element-62db34b elementor-widget-divider--view-line jltma-glass-effect-no elementor-widget elementor-widget-divider\" data-id=\"62db34b\" data-element_type=\"widget\" data-widget_type=\"divider.default\">\n\t\t\t\t<div class=\"elementor-widget-container\">\n\t\t\t\t\t\t\t<div class=\"elementor-divider\">\n\t\t\t<span class=\"elementor-divider-separator\">\n\t\t\t\t\t\t<\/span>\n\t\t<\/div>\n\t\t\t\t\t\t<\/div>\n\t\t\t\t<\/div>\n\t\t\t\t<div class=\"elementor-element elementor-element-5a03491 jltma-glass-effect-no elementor-widget elementor-widget-text-editor\" data-id=\"5a03491\" data-element_type=\"widget\" data-widget_type=\"text-editor.default\">\n\t\t\t\t<div class=\"elementor-widget-container\">\n\t\t\t\t\t\t\t\t\tPara m\u00e1s informaci\u00f3n acerca de los servicios legales para las personas de Georgia, vaya a georgialegalaid.org.\t\t\t\t\t\t\t\t<\/div>\n\t\t\t\t<\/div>\n\t\t\t\t<div class=\"elementor-element elementor-element-9d120ad elementor-align-center jltma-glass-effect-no elementor-widget elementor-widget-button\" data-id=\"9d120ad\" data-element_type=\"widget\" data-widget_type=\"button.default\">\n\t\t\t\t<div class=\"elementor-widget-container\">\n\t\t\t\t\t\t\t\t\t<div class=\"elementor-button-wrapper\">\n\t\t\t\t\t<a class=\"elementor-button elementor-button-link elementor-size-sm\" href=\"http:\/\/www.georgialegalaid.org\" target=\"_blank\">\n\t\t\t\t\t\t<span class=\"elementor-button-content-wrapper\">\n\t\t\t\t\t\t\t\t\t<span class=\"elementor-button-text\">GeorgiaLegalAid.org<\/span>\n\t\t\t\t\t<\/span>\n\t\t\t\t\t<\/a>\n\t\t\t\t<\/div>\n\t\t\t\t\t\t\t\t<\/div>\n\t\t\t\t<\/div>\n\t\t\t\t<div class=\"elementor-element elementor-element-b817341 jltma-glass-effect-no elementor-widget elementor-widget-heading\" data-id=\"b817341\" data-element_type=\"widget\" data-widget_type=\"heading.default\">\n\t\t\t\t<div class=\"elementor-widget-container\">\n\t\t\t\t\t<h2 class=\"elementor-heading-title elementor-size-default\">Oficinas locales<\/h2>\t\t\t\t<\/div>\n\t\t\t\t<\/div>\n\t\t\t\t<div class=\"elementor-element elementor-element-a95f68d jltma-glass-effect-no elementor-widget elementor-widget-menu-anchor\" data-id=\"a95f68d\" data-element_type=\"widget\" data-widget_type=\"menu-anchor.default\">\n\t\t\t\t<div class=\"elementor-widget-container\">\n\t\t\t\t\t\t\t<div class=\"elementor-menu-anchor\" id=\"FieldOffices\"><\/div>\n\t\t\t\t\t\t<\/div>\n\t\t\t\t<\/div>\n\t\t\t\t<div class=\"elementor-element elementor-element-22b25ef elementor-widget-divider--view-line jltma-glass-effect-no elementor-widget elementor-widget-divider\" data-id=\"22b25ef\" data-element_type=\"widget\" data-widget_type=\"divider.default\">\n\t\t\t\t<div class=\"elementor-widget-container\">\n\t\t\t\t\t\t\t<div class=\"elementor-divider\">\n\t\t\t<span class=\"elementor-divider-separator\">\n\t\t\t\t\t\t<\/span>\n\t\t<\/div>\n\t\t\t\t\t\t<\/div>\n\t\t\t\t<\/div>\n\t\t\t\t<section class=\"elementor-section elementor-inner-section elementor-element elementor-element-62aedec elementor-section-boxed elementor-section-height-default elementor-section-height-default jltma-glass-effect-no\" data-id=\"62aedec\" data-element_type=\"section\">\n\t\t\t\t\t\t<div class=\"elementor-container elementor-column-gap-default\">\n\t\t\t\t\t<div class=\"elementor-column elementor-col-100 elementor-inner-column elementor-element elementor-element-a941852 jltma-glass-effect-no\" data-id=\"a941852\" data-element_type=\"column\">\n\t\t\t<div class=\"elementor-widget-wrap elementor-element-populated\">\n\t\t\t\t\t\t<div class=\"elementor-element elementor-element-d1d33db jltma-glass-effect-no elementor-widget elementor-widget-ucaddon_need_help_map\" data-id=\"d1d33db\" data-element_type=\"widget\" data-widget_type=\"ucaddon_need_help_map.default\">\n\t\t\t\t<div class=\"elementor-widget-container\">\n\t\t\t\t\t\n<!-- start Need Help Map -->\n\t\t<link id='uc_cdn_jsdelivr_net_npm_bootstrap_5_0_0_beta3_dist_css_bootstrap_min_css-css' href='https:\/\/cdn.jsdelivr.net\/npm\/bootstrap@5.0.0-beta3\/dist\/css\/bootstrap.min.css' type='text\/css' rel='stylesheet' >\n\n<style>\/* widget: Need Help Map *\/\n\n.office-head {\n    color: #003a71;\n    font-weight: 700;\n}\n\n.list-box a {\n    text-decoration: none;\n    font-weight: 400;\n    color: #000;\n}\n\n\n.map-box img {\n    width: auto;\n    height: 450px;\n}\n\n.map-box{\n    border: 3px solid #E7E8E9;\n    padding: 20px;\n    text-align: center;\n}\n\n.list-box {\n    padding-top: 20px;\n    border: 3px solid #E7E8E9;\n    background: #E7E8E9;\n    font-family: \"Frutiger\";\n    height: 500px;\n    overflow-y: scroll;\n  \tfont-size: 18px;\n}\n\nh3{\n    font-weight: 600;\n}\n\n.visible{\n    display: block;\n}\n\n.invisible{\n    display: none;\n}\n\n.bottom-pad{\n    padding-bottom: 30px;\n}\n\n\n\/* \n  ##Device = Tablets, Ipads (portrait)\n  ##Screen = B\/w 768px to 1024px\n*\/\n\n@media (min-width: 768px) and (max-width: 1024px) {\n  \n  .map-box img {\n    width: auto;\n    height: auto;\n}\n  \n  .map-box {\n    border: 3px solid #E7E8E9;\n    padding: 20px;\n    text-align: center;\n    display: flex;\n    align-items: center;\n}\n  \n  \n}\n\n\n  \/* \n  ##Device = Most of the Smartphones Mobiles (Portrait)\n  ##Screen = B\/w 320px to 479px\n*\/\n\n@media (min-width: 320px) and (max-width: 480px) {\n  \n    .map-box img {\n    width: auto;\n    height: auto;\n}\n  \n}\n\n<\/style>\n\n<div class=\"container-fluid\">\n    <div class=\"row\">\n \n        \n<!--     Map Image       -->\n        <div class=\"col-md-6 map-box\">\n            <img decoding=\"async\" id=\"default\" src=\"https:\/\/www.glsp.org\/wp-content\/uploads\/2021\/05\/default.png\" alt=\"\">\n            <img decoding=\"async\" class=\"invisible\" id=\"albany\" src=\"https:\/\/www.glsp.org\/wp-content\/uploads\/2021\/06\/Field-Office-Map-Links_Albany-copy.png\" alt=\"\">\n            <img decoding=\"async\" class=\"invisible\" id=\"athens\" src=\"https:\/\/georgialegal.wpengine.com\/wp-content\/uploads\/2021\/05\/Field-Office-Map-Links_Athens-copy.png\" alt=\"\">\n            <img decoding=\"async\" class=\"invisible\" id=\"augusta\" src=\"https:\/\/www.glsp.org\/wp-content\/uploads\/2021\/05\/Field-Office-Map-Links_Augusta-copy.png\" alt=\"\">\n            <img decoding=\"async\" class=\"invisible\" id=\"brunswick\" src=\"https:\/\/www.glsp.org\/wp-content\/uploads\/2021\/06\/Field-Office-Map-Links_Brunswick-copy.png\" alt=\"\">\n            <img decoding=\"async\" class=\"invisible\" id=\"columbus\" src=\"https:\/\/www.glsp.org\/wp-content\/uploads\/2021\/05\/Field-Office-Map-Links_Columbus-copy.png\" alt=\"\">\n            <img decoding=\"async\" class=\"invisible\" id=\"dalton\" src=\"https:\/\/www.glsp.org\/wp-content\/uploads\/2022\/11\/Field-Office-Map-Links_Dalton-copy-1.webp\" alt=\"\">\n            <img decoding=\"async\" class=\"invisible\" id=\"gainesville\" src=\"https:\/\/www.glsp.org\/wp-content\/uploads\/2021\/05\/Field-Office-Map-Links_Gainesville.png\" alt=\"\">\n            <img decoding=\"async\" class=\"invisible\" id=\"macon\" src=\"https:\/\/www.glsp.org\/wp-content\/uploads\/2021\/05\/Field-Office-Map-Links_Macon-copy.png\" alt=\"\">\n            <img decoding=\"async\" class=\"invisible\" id=\"piedmont\" src=\"https:\/\/www.glsp.org\/wp-content\/uploads\/2022\/11\/Field-Office-Map-Links_Piedmont-copy-1.webp\" alt=\"\">\n            <img decoding=\"async\" class=\"invisible\" id=\"savannah\" src=\"https:\/\/www.glsp.org\/wp-content\/uploads\/2021\/05\/Field-Office-Map-Links_Savannah-copy.png\" alt=\"\">\n        <\/div>\n\n        \n<!--   Scroll box list     -->\n        <div class=\"col-md-6 list-box\">\n\n            <h3 class=\"translation-block\"><strong>Oficinas de las diferentes localidades<\/strong><i> (scroll list)<\/i><\/h3>\n\n\t\t\t\n<div class=\"translation-block\">\n            <div onclick=\"albany()\" class=\"albany bottom-pad\">\n                <div class=\"office-head\">Albany<\/div>\n                2533 Lafayette Plaza Drive<br>\n                Albany, GA 31721<br>\n                <a href=\"tel:(229) 430-4261\">(229) 430-4261<\/a>\n            <\/div>\n          <\/div>\n\n\n<div class=\"translation-block\">\n            <div class=\"athens bottom-pad\">\n                <div class=\"office-head\">Athens<\/div>\nAbogados: 4<br>\n                1865 West Broad St., Oficina B<br>\n                Athens, GA 30606<br>\n                Tel.: <a href=\"tel:(706) 227-5362\">(706) 227-5362<\/a>\n            <\/div>\n  <\/div>\n\n<div class=\"translation-block\">\n            <div onclick=\"augusta()\" class=\"augusta bottom-pad\">\n                <div class=\"office-head\">Augusta<\/div>\n                1450 Greene St., Suite 110<br>\n                Augusta, GA 30901<br>\n                <a href=\"tel: (706) 721-7282\">(706) 721-7282<\/a>\n            <\/div>\n <\/div>\n\n<div class=\"translation-block\">\n            <div onclick=\"brunswick()\" class=\"brunswick bottom-pad\">\n                <div class=\"office-head\">Brunswick<\/div>\n                777 Gloucester Street, Suite 305<br>\n                Brunswick, GA 31520<br>\n                <a href=\"tel:(912) 264-7301\">(912) 264-7301<\/a>\n            <\/div>\n <\/div>\n\n          <div class=\"translation-block\">\n            <div class=\"columbus bottom-pad\">\n                <div class=\"office-head\">Columbus<\/div>\nAbogados: 3<br>\n                233 12th Street, Suite 910<br>\n                Columbus, GA 31902<br>\n                Tel.: <a href=\"tel:(706) 649-7493\">(706) 649-7493<\/a>\n            <\/div>\n <\/div>\n          \n<div class=\"translation-block\">\n            <div class=\"dalton bottom-pad\">\n                <div class=\"office-head\">Dalton<\/div>\nAbogados: 3<br>\n                219 W. Crawford Street<br>\n                Dalton, GA 30720<br>\n                Tel.: <a href=\"tel:(706) 272-2924\">(706) 272-2924<\/a>\n            <\/div>\n<\/div>\n          \n<div class=\"translation-block\">\n            <div class=\"gainesville bottom-pad\">\n                <div class=\"office-head\">Gainesville<\/div>\nAbogados: 10<br>\n               705 Washington Street, Oficina B-1<br>\n                Gainesville, GA 30501<br>\n                Tel.: <a href=\"tel:(770) 535-5717\">(770) 535-5717<\/a>\n            <\/div>\n\n<\/div>\n          \n          <div class=\"translation-block\">\n            <div class=\"macon bottom-pad\">\n                <div class=\"office-head\">Macon<\/div>\nAbogados: 8<br>\n                241 Third Street<br>\n                Macon, GA 31201<br>\n                Tel.: <a href=\"tel:(478) 751-6261\">(478) 751-6261<\/a>\n            <\/div>\n<\/div>\n\n          <div class=\"translation-block\">\n            <div class=\"piedmont bottom-pad\">\n                <div class=\"office-head\">Piedmont<\/div>\nAbogados: 10<br>\n               104 Marietta Street NW, Oficina 240<br>\n                Atlanta, GA 30303<br>\n                Tel.: <a href=\"tel:(404) 894-7707\">(404) 894-7707<\/a>\n            <\/div>\n<\/div>\n          \n          \n      <div class=\"translation-block\">    \n            <div class=\"savannah bottom-pad\">\n                <div class=\"office-head\">Savannah<\/div>\nAbogados: 11<br>\n                6602 Abercorn Street, Oficina 203<br>\n                Savannah, GA 31405<br>\n                Tel.: <a href=\"tel:(912) 651-2180\">(912) 651-2180<\/a>\n            <\/div>\n<\/div>\n\n\n        <\/div>\n    <\/div>\n<\/div>\n<!-- end Need Help Map -->\t\t\t\t<\/div>\n\t\t\t\t<\/div>\n\t\t\t\t\t<\/div>\n\t\t<\/div>\n\t\t\t\t\t<\/div>\n\t\t<\/section>\n\t\t\t\t\t<\/div>\n\t\t<\/div>\n\t\t\t\t\t<\/div>\n\t\t<\/section>\n\t\t\t\t<\/div>","protected":false},"excerpt":{"rendered":"<p>Eligibility Self Help Regional Offices Need Help? Eligibility Info Our attorneys and paralegals provide free civil legal help to Georgians in 154 counties outside of Metro-Atlanta. We do not represent persons living in Clayton, Cobb, DeKalb, Fulton or Gwinnett counties. Clients have income generally not more than 200% of the federal poverty level or are [&hellip;]<\/p>\n","protected":false},"author":11,"featured_media":0,"parent":0,"menu_order":0,"comment_status":"closed","ping_status":"closed","template":"","meta":{"om_disable_all_campaigns":false,"_monsterinsights_skip_tracking":false,"_monsterinsights_sitenote_active":false,"_monsterinsights_sitenote_note":"","_monsterinsights_sitenote_category":0,"_uf_show_specific_survey":0,"_uf_disable_surveys":false,"footnotes":""},"class_list":["post-1403","page","type-page","status-publish","hentry"],"_links":{"self":[{"href":"https:\/\/www.glsp.org\/es\/wp-json\/wp\/v2\/pages\/1403","targetHints":{"allow":["GET"]}}],"collection":[{"href":"https:\/\/www.glsp.org\/es\/wp-json\/wp\/v2\/pages"}],"about":[{"href":"https:\/\/www.glsp.org\/es\/wp-json\/wp\/v2\/types\/page"}],"author":[{"embeddable":true,"href":"https:\/\/www.glsp.org\/es\/wp-json\/wp\/v2\/users\/11"}],"replies":[{"embeddable":true,"href":"https:\/\/www.glsp.org\/es\/wp-json\/wp\/v2\/comments?post=1403"}],"version-history":[{"count":0,"href":"https:\/\/www.glsp.org\/es\/wp-json\/wp\/v2\/pages\/1403\/revisions"}],"wp:attachment":[{"href":"https:\/\/www.glsp.org\/es\/wp-json\/wp\/v2\/media?parent=1403"}],"curies":[{"name":"wp","href":"https:\/\/api.w.org\/{rel}","templated":true}]}}